{"id":261,"date":"2025-04-08T14:59:52","date_gmt":"2025-04-08T12:59:52","guid":{"rendered":"https:\/\/www.kosmetik-almut.at\/?page_id=261"},"modified":"2025-06-01T16:45:52","modified_gmt":"2025-06-01T14:45:52","slug":"haarentfernung","status":"publish","type":"page","link":"https:\/\/www.kosmetik-almut.at\/?page_id=261","title":{"rendered":"Haarentfernung"},"content":{"rendered":"\n<div class=\"wp-block-group alignfull has-global-padding is-content-justification-center is-layout-constrained wp-block-group-is-layout-constrained\" style=\"margin-top:0;margin-bottom:0;padding-top:var(--wp--preset--spacing--40);padding-bottom:var(--wp--preset--spacing--40)\">\n<div class=\"wp-block-columns alignwide is-layout-flex wp-container-core-columns-is-layout-28f84493 wp-block-columns-is-layout-flex\">\n<div class=\"wp-block-column is-vertically-aligned-top has-global-padding is-content-justification-left is-layout-constrained wp-container-core-column-is-layout-f3298e88 wp-block-column-is-layout-constrained\">\n<h2 class=\"wp-block-heading has-text-color has-link-color wp-elements-951c9f84e579ccc47a4b73fd98b0a912\" style=\"color:#a40a34\">Haarentfernung mit Warmwachs \u2013 Sanft und effektiv<\/h2>\n\n\n\n<p>Die Haarentfernung mit Warmwachs ist eine der sanftesten Methoden, um unerw\u00fcnschte H\u00e4rchen gr\u00fcndlich und <strong>langanhaltend <\/strong>zu entfernen. Mit dieser wohltuenden Behandlung erzielen Sie glatte Haut und ein gepflegtes, frisches Hautbild. Das Warmwachs wird sanft auf die Haut aufgetragen, die H\u00e4rchen werden pr\u00e4zise entfernt, und das Ergebnis h\u00e4lt mehrere Wochen an.<\/p>\n\n\n\n<p>Genie\u00dfen Sie die entspannende Atmosph\u00e4re w\u00e4hrend der Behandlung. Wir verwenden ausschlie\u00dflich hochwertige Produkte, die Ihre Haut pflegen und gleichzeitig f\u00fcr eine <strong>gr\u00fcndliche Haarentfernung<\/strong> sorgen.<\/p>\n\n\n\n<p><strong>G\u00f6nnen Sie sich das Gef\u00fchl von samtweicher Haut und einer Rundum-Pflege \u2013 f\u00fcr Ihr Wohlbefinden und Ihre Ausstrahlung.<\/strong><\/p>\n\n\n\n<div class=\"wp-block-buttons is-layout-flex wp-block-buttons-is-layout-flex\">\n<div class=\"wp-block-button\"><a class=\"wp-block-button__link has-background wp-element-button\" href=\"https:\/\/www.kosmetik-almut.at\/kontakt\/\" style=\"background-color:#a40a34\">Jetzt Termin vereinbaren<\/a><\/div>\n<\/div>\n<\/div>\n\n\n\n<div class=\"wp-block-column is-vertically-aligned-center is-layout-flow wp-block-column-is-layout-flow\">\n<figure class=\"wp-block-image size-full\"><img loading=\"lazy\" decoding=\"async\" width=\"3840\" height=\"5760\" src=\"https:\/\/www.kosmetik-almut.at\/wp-content\/uploads\/2025\/03\/perfect-female-legs-isolated-white-background.jpg\" alt=\"\" class=\"wp-image-265\" style=\"aspect-ratio:1;object-fit:cover\" \/><\/figure>\n<\/div>\n<\/div>\n<\/div>\n\n\n\n<div class=\"wp-block-group alignfull is-style-section-1 has-global-padding is-content-justification-center is-layout-constrained wp-container-core-group-is-layout-ad781b73 wp-block-group-is-layout-constrained is-style-section-1--1\" style=\"margin-top:0;margin-bottom:0;padding-top:var(--wp--preset--spacing--50);padding-bottom:var(--wp--preset--spacing--50)\">\n<div class=\"wp-block-group alignwide is-layout-flow wp-block-group-is-layout-flow\">\n<div class=\"wp-block-columns alignwide is-layout-flex wp-container-core-columns-is-layout-c6809a2b wp-block-columns-is-layout-flex\">\n<div class=\"wp-block-column is-layout-flow wp-block-column-is-layout-flow\">\n<div class=\"wp-block-group is-layout-flow wp-container-core-group-is-layout-8a368f38 wp-block-group-is-layout-flow\">\n<div class=\"wp-block-group alignwide is-layout-flow wp-block-group-is-layout-flow\" style=\"border-bottom-width:1px;padding-top:24px;padding-bottom:24px\">\n<div class=\"wp-block-group is-content-justification-space-between is-layout-flex wp-container-core-group-is-layout-ceead2e9 wp-block-group-is-layout-flex\">\n<h4 class=\"wp-block-heading is-menu-item-name has-text-color has-link-color wp-elements-1f7bcfa45660aa6bb780b0f38c85b193\" style=\"color:#a40a34\">Beine komplett<\/h4>\n\n\n\n<p class=\"is-menu-item-price\">59 Euro<\/p>\n<\/div>\n<\/div>\n\n\n\n<div class=\"wp-block-group alignwide is-layout-flow wp-block-group-is-layout-flow\" style=\"border-bottom-width:1px;padding-top:24px;padding-bottom:24px\">\n<div class=\"wp-block-group is-content-justification-space-between is-layout-flex wp-container-core-group-is-layout-ceead2e9 wp-block-group-is-layout-flex\">\n<h4 class=\"wp-block-heading is-menu-item-name has-text-color has-link-color wp-elements-184041e9e2770d01f6c8b2864aa77694\" style=\"color:#a40a34\">Unterschenkel<\/h4>\n\n\n\n<p class=\"is-menu-item-price\">44&nbsp;Euro<\/p>\n<\/div>\n<\/div>\n\n\n\n<div class=\"wp-block-group alignwide is-layout-flow wp-block-group-is-layout-flow\" style=\"border-bottom-width:1px;padding-top:24px;padding-bottom:24px\">\n<div class=\"wp-block-group is-content-justification-space-between is-layout-flex wp-container-core-group-is-layout-ceead2e9 wp-block-group-is-layout-flex\">\n<h4 class=\"wp-block-heading is-menu-item-name has-text-color has-link-color wp-elements-53652274181a7655ca434b2889b10b4b\" style=\"color:#a40a34\">Arme<\/h4>\n\n\n\n<p class=\"is-menu-item-price\">27 Euro<\/p>\n<\/div>\n<\/div>\n\n\n\n<div class=\"wp-block-group alignwide is-layout-flow wp-block-group-is-layout-flow\" style=\"border-bottom-width:1px;padding-top:24px;padding-bottom:24px\">\n<div class=\"wp-block-group is-content-justification-space-between is-layout-flex wp-container-core-group-is-layout-ceead2e9 wp-block-group-is-layout-flex\">\n<h4 class=\"wp-block-heading is-menu-item-name has-text-color has-link-color wp-elements-4c61abbadff70c4aa34d50d7a26098ff\" style=\"color:#a40a34\">Achseln<\/h4>\n\n\n\n<p class=\"is-menu-item-price\">22 Euro<\/p>\n<\/div>\n<\/div>\n\n\n\n<div class=\"wp-block-group alignwide is-layout-flow wp-block-group-is-layout-flow\" style=\"border-bottom-width:1px;padding-top:24px;padding-bottom:24px\">\n<div class=\"wp-block-group is-content-justification-space-between is-layout-flex wp-container-core-group-is-layout-ceead2e9 wp-block-group-is-layout-flex\">\n<h4 class=\"wp-block-heading is-menu-item-name has-text-color has-link-color wp-elements-dcd9863fcc2a3de1b0657b6194f1fa1b\" style=\"color:#a40a34\">Bikini Zone<\/h4>\n\n\n\n<p class=\"is-menu-item-price\">22 Euro<\/p>\n<\/div>\n<\/div>\n\n\n\n<div class=\"wp-block-group alignwide is-layout-flow wp-block-group-is-layout-flow\" style=\"border-bottom-width:1px;padding-top:24px;padding-bottom:24px\">\n<div class=\"wp-block-group is-content-justification-space-between is-layout-flex wp-container-core-group-is-layout-ceead2e9 wp-block-group-is-layout-flex\">\n<h4 class=\"wp-block-heading is-menu-item-name has-text-color has-link-color wp-elements-b64dd4916e1a8c7a33884f5a79c168a7\" style=\"color:#a40a34\">R\u00fccken<\/h4>\n\n\n\n<p class=\"is-menu-item-price\">32 Euro<\/p>\n<\/div>\n<\/div>\n\n\n\n<div class=\"wp-block-group alignwide is-layout-flow wp-block-group-is-layout-flow\" style=\"border-bottom-width:1px;padding-top:24px;padding-bottom:24px\">\n<div class=\"wp-block-group is-content-justification-space-between is-layout-flex wp-container-core-group-is-layout-ceead2e9 wp-block-group-is-layout-flex\">\n<h4 class=\"wp-block-heading is-menu-item-name has-text-color has-link-color wp-elements-2fea5c44995cfc60386034ab5100c3a7\" style=\"color:#a40a34\">Brust<\/h4>\n\n\n\n<p class=\"is-menu-item-price\">44 Euro<\/p>\n<\/div>\n<\/div>\n\n\n\n<div class=\"wp-block-group alignwide is-layout-flow wp-block-group-is-layout-flow\" style=\"border-bottom-width:1px;padding-top:24px;padding-bottom:24px\">\n<div class=\"wp-block-group is-content-justification-space-between is-layout-flex wp-container-core-group-is-layout-ceead2e9 wp-block-group-is-layout-flex\">\n<h4 class=\"wp-block-heading is-menu-item-name has-text-color has-link-color wp-elements-ca87250786b6ffff9bf30b7ceac0f337\" style=\"color:#a40a34\">Augenbrauen<\/h4>\n\n\n\n<p class=\"is-menu-item-price\">14 Euro<\/p>\n<\/div>\n<\/div>\n\n\n\n<div class=\"wp-block-group alignwide is-layout-flow wp-block-group-is-layout-flow\" style=\"border-bottom-width:1px;padding-top:24px;padding-bottom:24px\">\n<div class=\"wp-block-group is-content-justification-space-between is-layout-flex wp-container-core-group-is-layout-ceead2e9 wp-block-group-is-layout-flex\">\n<h4 class=\"wp-block-heading is-menu-item-name has-text-color has-link-color wp-elements-397d7ea3bade4918d488e2665d9f0d2b\" style=\"color:#a40a34\">Oberlippe<\/h4>\n\n\n\n<p class=\"is-menu-item-price\">14 Euro<\/p>\n<\/div>\n<\/div>\n\n\n\n<div class=\"wp-block-group alignwide is-layout-flow wp-block-group-is-layout-flow\" style=\"border-bottom-width:1px;padding-top:24px;padding-bottom:24px\">\n<div class=\"wp-block-group is-content-justification-space-between is-layout-flex wp-container-core-group-is-layout-ceead2e9 wp-block-group-is-layout-flex\">\n<h4 class=\"wp-block-heading is-menu-item-name has-text-color has-link-color wp-elements-6623c91db5bd3902e5da060c438193a3\" style=\"color:#a40a34\">Gesicht <\/h4>\n\n\n\n<p class=\"is-menu-item-price\">ab 14 Euro<\/p>\n<\/div>\n<\/div>\n\n\n\n<div class=\"wp-block-group alignwide is-layout-flow wp-block-group-is-layout-flow\" style=\"border-bottom-style:none;border-bottom-width:0px;padding-top:24px;padding-bottom:24px\">\n<div class=\"wp-block-group is-content-justification-space-between is-layout-flex wp-container-core-group-is-layout-ceead2e9 wp-block-group-is-layout-flex\">\n<h4 class=\"wp-block-heading is-menu-item-name has-text-color has-link-color wp-elements-4180d12d9d055d58f1cc8a3c296cc5bc\" style=\"color:#a40a34\">Kinn<\/h4>\n\n\n\n<p class=\"is-menu-item-price\">14 Euro<\/p>\n<\/div>\n<\/div>\n<\/div>\n<\/div>\n<\/div>\n<\/div>\n<\/div>\n","protected":false},"excerpt":{"rendered":"<p>Haarentfernung mit Warmwachs \u2013 Sanft und effektiv Die Haarentfernung mit Warmwachs ist eine der sanftesten Methoden, um unerw\u00fcnschte H\u00e4rchen gr\u00fcndlich und langanhaltend zu entfernen. Mit dieser wohltuenden Behandlung erzielen Sie glatte Haut und ein gepflegtes, frisches Hautbild. Das Warmwachs wird sanft auf die Haut aufgetragen, die H\u00e4rchen werden pr\u00e4zise entfernt, und das Ergebnis h\u00e4lt mehrere [&hellip;]<\/p>\n","protected":false},"author":130702925,"featured_media":0,"parent":0,"menu_order":0,"comment_status":"closed","ping_status":"closed","template":"","meta":{"footnotes":""},"class_list":["post-261","page","type-page","status-publish","hentry"],"_links":{"self":[{"href":"https:\/\/www.kosmetik-almut.at\/index.php?rest_route=\/wp\/v2\/pages\/261","targetHints":{"allow":["GET"]}}],"collection":[{"href":"https:\/\/www.kosmetik-almut.at\/index.php?rest_route=\/wp\/v2\/pages"}],"about":[{"href":"https:\/\/www.kosmetik-almut.at\/index.php?rest_route=\/wp\/v2\/types\/page"}],"author":[{"embeddable":true,"href":"https:\/\/www.kosmetik-almut.at\/index.php?rest_route=\/wp\/v2\/users\/130702925"}],"replies":[{"embeddable":true,"href":"https:\/\/www.kosmetik-almut.at\/index.php?rest_route=%2Fwp%2Fv2%2Fcomments&post=261"}],"version-history":[{"count":6,"href":"https:\/\/www.kosmetik-almut.at\/index.php?rest_route=\/wp\/v2\/pages\/261\/revisions"}],"predecessor-version":[{"id":323,"href":"https:\/\/www.kosmetik-almut.at\/index.php?rest_route=\/wp\/v2\/pages\/261\/revisions\/323"}],"wp:attachment":[{"href":"https:\/\/www.kosmetik-almut.at\/index.php?rest_route=%2Fwp%2Fv2%2Fmedia&parent=261"}],"curies":[{"name":"wp","href":"https:\/\/api.w.org\/{rel}","templated":true}]}}